{"id":682,"date":"2017-03-31T11:31:22","date_gmt":"2017-03-31T11:31:22","guid":{"rendered":"http:\/\/d.commonsupport.com\/charity\/?page_id=7"},"modified":"2022-03-07T05:43:17","modified_gmt":"2022-03-07T05:43:17","slug":"inicio","status":"publish","type":"page","link":"https:\/\/wfuca.mx\/","title":{"rendered":"Inicio"},"content":{"rendered":"<p><section class=\"kc-elm kc-css-60698 kc_row\"><div class=\"kc-row-container\"><div class=\"kc-wrap-columns\"><div class=\"kc-elm kc-css-319872 kc_col-sm-12 kc_column kc_col-sm-12\"><div class=\"kc-col-container\">\r\n\t<!--Start rev slider wrapper-->     \r\n\t<section class=\"rev_slider_wrapper\">\r\n\t\t\n\t\t\t<!-- START Home REVOLUTION SLIDER 6.5.14 --><p class=\"rs-p-wp-fix\"><\/p>\n\t\t\t<rs-module-wrap id=\"rev_slider_1_1_wrapper\" data-source=\"gallery\" style=\"visibility:hidden;background:transparent;padding:0;margin:0px auto;margin-top:0;margin-bottom:0;\">\n\t\t\t\t<rs-module id=\"rev_slider_1_1\" style=\"\" data-version=\"6.5.14\">\n\t\t\t\t\t<rs-slides>\n\t\t\t\t\t\t<rs-slide style=\"position: absolute;\" data-key=\"rs-1\" data-title=\"Slide\" data-anim=\"f:nodelay;\" data-in=\"o:0;sx:0;sy:0;row:5;col:5;\" data-out=\"a:false;\" data-alttrans=\"boxfade\">\n\t\t\t\t\t\t\t<img data-recalc-dims=\"1\" loading=\"lazy\" decoding=\"async\" src=\"https:\/\/i0.wp.com\/wfuca.mx\/wp-content\/plugins\/revslider\/public\/assets\/assets\/dummy.png?resize=1920%2C1080\" alt=\"\" title=\"bg2\" width=\"1920\" height=\"1080\" class=\"rev-slidebg tp-rs-img rs-lazyload\" data-lazyload=\"\/\/wfuca.mx\/wp-content\/uploads\/2022\/02\/bg2.jpg\" data-no-retina>\n<!--\n\t\t\t\t\t\t\t--><rs-layer\n\t\t\t\t\t\t\t\tid=\"slider-1-slide-1-layer-0\" \n\t\t\t\t\t\t\t\tdata-type=\"text\"\n\t\t\t\t\t\t\t\tdata-color=\"rgba(255,255,255,1)\"\n\t\t\t\t\t\t\t\tdata-rsp_ch=\"on\"\n\t\t\t\t\t\t\t\tdata-xy=\"x:c;y:c;yo:-170px;\"\n\t\t\t\t\t\t\t\tdata-text=\"l:22;a:center;\"\n\t\t\t\t\t\t\t\tdata-frame_0=\"y:-100%;o:1;\"\n\t\t\t\t\t\t\t\tdata-frame_0_mask=\"u:t;\"\n\t\t\t\t\t\t\t\tdata-frame_1=\"sp:1500;sR:10;\"\n\t\t\t\t\t\t\t\tdata-frame_1_mask=\"u:t;\"\n\t\t\t\t\t\t\t\tdata-frame_999=\"o:0;st:w;sR:7490;\"\n\t\t\t\t\t\t\t\tstyle=\"z-index:10;font-family:'Open Sans';\"\n\t\t\t\t\t\t\t><div class=\"slide-content-box center\">\n<h2>Federaci\u00f3n Mundial de Clubes y Asociaciones en Am\u00e9rica\n<\/h2>\n<\/div> \n\t\t\t\t\t\t\t<\/rs-layer><!--\n\n\t\t\t\t\t\t\t--><rs-layer\n\t\t\t\t\t\t\t\tid=\"slider-1-slide-1-layer-1\" \n\t\t\t\t\t\t\t\tdata-type=\"text\"\n\t\t\t\t\t\t\t\tdata-color=\"rgba(255,255,255,1)\"\n\t\t\t\t\t\t\t\tdata-rsp_ch=\"on\"\n\t\t\t\t\t\t\t\tdata-xy=\"x:c;y:c;yo:-100px;\"\n\t\t\t\t\t\t\t\tdata-text=\"l:22;a:center;\"\n\t\t\t\t\t\t\t\tdata-frame_0=\"y:-100%;o:1;\"\n\t\t\t\t\t\t\t\tdata-frame_0_mask=\"u:t;\"\n\t\t\t\t\t\t\t\tdata-frame_1=\"sp:1500;sR:10;\"\n\t\t\t\t\t\t\t\tdata-frame_1_mask=\"u:t;\"\n\t\t\t\t\t\t\t\tdata-frame_999=\"o:0;st:w;sR:7490;\"\n\t\t\t\t\t\t\t\tstyle=\"z-index:8;font-family:'Open Sans';\"\n\t\t\t\t\t\t\t><div class=\"slide-content-box center\">\n<h1>WFUCA<\/h1>\n<\/div> \n\t\t\t\t\t\t\t<\/rs-layer><!--\n\n\t\t\t\t\t\t\t--><rs-layer\n\t\t\t\t\t\t\t\tid=\"slider-1-slide-1-layer-2\" \n\t\t\t\t\t\t\t\tdata-type=\"text\"\n\t\t\t\t\t\t\t\tdata-color=\"rgba(255,255,255,1)\"\n\t\t\t\t\t\t\t\tdata-rsp_ch=\"on\"\n\t\t\t\t\t\t\t\tdata-xy=\"x:c;xo:-130px;y:c;yo:140px;\"\n\t\t\t\t\t\t\t\tdata-text=\"l:22;a:inherit;\"\n\t\t\t\t\t\t\t\tdata-frame_0=\"x:175%;o:1;\"\n\t\t\t\t\t\t\t\tdata-frame_0_mask=\"u:t;x:-100%;\"\n\t\t\t\t\t\t\t\tdata-frame_1=\"e:power3.out;sp:1500;sR:10;\"\n\t\t\t\t\t\t\t\tdata-frame_1_mask=\"u:t;\"\n\t\t\t\t\t\t\t\tdata-frame_999=\"o:0;st:w;sR:7490;\"\n\t\t\t\t\t\t\t\tstyle=\"z-index:11;font-family:'Open Sans';\"\n\t\t\t\t\t\t\t><div class=\"slide-content-box\">\n<div class=\"button\">\n<a class=\"thm-btn\" href=\"https:\/\/wfuca.mx\/index.php\/sobre-nosotros\/\">Sobre nosotros<\/a>     \n<\/div>\n<\/div> \n\t\t\t\t\t\t\t<\/rs-layer><!--\n\n\t\t\t\t\t\t\t--><rs-layer\n\t\t\t\t\t\t\t\tid=\"slider-1-slide-1-layer-3\" \n\t\t\t\t\t\t\t\tdata-type=\"text\"\n\t\t\t\t\t\t\t\tdata-color=\"rgba(255,255,255,1)\"\n\t\t\t\t\t\t\t\tdata-rsp_ch=\"on\"\n\t\t\t\t\t\t\t\tdata-xy=\"x:c;xo:130px;y:c;yo:140px;\"\n\t\t\t\t\t\t\t\tdata-text=\"l:22;a:inherit;\"\n\t\t\t\t\t\t\t\tdata-frame_0=\"x:-175%;o:1;\"\n\t\t\t\t\t\t\t\tdata-frame_0_mask=\"u:t;x:100%;\"\n\t\t\t\t\t\t\t\tdata-frame_1=\"e:power3.out;sp:1500;sR:10;\"\n\t\t\t\t\t\t\t\tdata-frame_1_mask=\"u:t;\"\n\t\t\t\t\t\t\t\tdata-frame_999=\"o:0;st:w;sR:7490;\"\n\t\t\t\t\t\t\t\tstyle=\"z-index:12;font-family:'Open Sans';\"\n\t\t\t\t\t\t\t><div class=\"slide-content-box\">\n<div class=\"button\">\n<a class=\"thm-btn style-3\" href=\"https:\/\/wfuca.mx\/index.php\/asamblea-general\/\">Asamblea general<\/a>     \n<\/div>\n<\/div> \n\t\t\t\t\t\t\t<\/rs-layer><!--\n\n\t\t\t\t\t\t\t--><rs-layer\n\t\t\t\t\t\t\t\tid=\"slider-1-slide-1-layer-4\" \n\t\t\t\t\t\t\t\tdata-type=\"text\"\n\t\t\t\t\t\t\t\tdata-color=\"rgba(255,255,255,1)\"\n\t\t\t\t\t\t\t\tdata-rsp_ch=\"on\"\n\t\t\t\t\t\t\t\tdata-xy=\"x:c;y:c;yo:-20px;\"\n\t\t\t\t\t\t\t\tdata-text=\"l:22;a:center;\"\n\t\t\t\t\t\t\t\tdata-frame_0=\"y:-100%;o:1;\"\n\t\t\t\t\t\t\t\tdata-frame_0_mask=\"u:t;\"\n\t\t\t\t\t\t\t\tdata-frame_1=\"sp:1500;sR:10;\"\n\t\t\t\t\t\t\t\tdata-frame_1_mask=\"u:t;\"\n\t\t\t\t\t\t\t\tdata-frame_999=\"o:0;st:w;sR:7490;\"\n\t\t\t\t\t\t\t\tstyle=\"z-index:9;font-family:'Open Sans';\"\n\t\t\t\t\t\t\t><div class=\"slide-content-box center\">\n<p>Los Clubes, Centros y Asociaciones de la UNESCO son grupos de voluntarios<br>que se convierten en militantes al servicio de los ideales de UNESCO-WFUCA.<\/p><\/div> \n\t\t\t\t\t\t\t<\/rs-layer><!--\n-->\t\t\t\t\t\t<\/rs-slide>\n\t\t\t\t\t<\/rs-slides>\n\t\t\t\t<\/rs-module>\n\t\t\t\t<script>\n\t\t\t\t\tsetREVStartSize({c: 'rev_slider_1_1',rl:[1240,1024,778,480],el:[890],gw:[1200],gh:[890],type:'standard',justify:'',layout:'fullwidth',mh:\"0\"});if (window.RS_MODULES!==undefined && window.RS_MODULES.modules!==undefined && window.RS_MODULES.modules[\"revslider11\"]!==undefined) {window.RS_MODULES.modules[\"revslider11\"].once = false;window.revapi1 = undefined;if (window.RS_MODULES.checkMinimal!==undefined) window.RS_MODULES.checkMinimal()}\n\t\t\t\t<\/script>\n\t\t\t<\/rs-module-wrap>\n\t\t\t<!-- END REVOLUTION SLIDER -->\n\t<\/section>\r\n\t<!--End Main Slider-->\r\n\r\n<\/div><\/div><\/div><\/div><\/section><section class=\"kc-elm kc-css-685616 kc_row\"><div class=\"kc-row-container  kc-container\"><div class=\"kc-wrap-columns\"><div class=\"kc-elm kc-css-960813 kc_col-sm-12 kc_column kc_col-sm-12\"><div class=\"kc-col-container\"><section class=\"our-mission\">\r\n    <div class=\"container\">\r\n        <div class=\"mission-bg\">\r\n            <div class=\"default-title center\">\r\n                <h3><h3 style=\"text-align: center\">Promovemos los ideales, objetivos y programas de la UNESCO <br \/>para fortalecer y alentar el desarrollo de los clubes, centros y asociaciones de la UNESCO.<\/h3>\r\n<\/h3>\r\n            <\/div>\r\n            <div class=\"content\">\r\n                            <\/div>\r\n        <\/div>\r\n    <\/div>\r\n<\/section><\/div><\/div><\/div><\/div><\/section><section class=\"kc-elm kc-css-738358 kc_row\"><div class=\"kc-row-container  kc-container\"><div class=\"kc-wrap-columns\"><div class=\"kc-elm kc-css-541367 kc_col-sm-12 kc_column kc_col-sm-12\"><div class=\"kc-col-container\"> \r\n   \r\n\r\n<section class=\"blog-section sec-padd2\">\r\n    <div class=\"container\">\r\n        <div class=\"section-title center\">\r\n            <h2>Noticias y comunicados<\/h2>\r\n        <\/div>\r\n        <div class=\"row\">\r\n                        <article class=\"col-md-4 col-sm-6 col-xs-12\">\r\n                <div class=\"default-blog-news wow fadeInUp animated animated\" style=\"visibility: visible; animation-name: fadeInUp;\">\r\n                    <figure class=\"img-holder\">\r\n                        <a href=\"https:\/\/wfuca.mx\/index.php\/2022\/03\/22\/felicitamos-al-equipo-ganador-de-usa\/\"><img loading=\"lazy\" decoding=\"async\" width=\"370\" height=\"200\" src=\"https:\/\/i0.wp.com\/wfuca.mx\/wp-content\/uploads\/2022\/03\/12559-1-scaled.jpg?resize=370%2C200&amp;ssl=1\" class=\"attachment-charity_370x200 size-charity_370x200 wp-post-image\" alt=\"\" srcset=\"https:\/\/i0.wp.com\/wfuca.mx\/wp-content\/uploads\/2022\/03\/12559-1-scaled.jpg?resize=370%2C200&amp;ssl=1 370w, https:\/\/i0.wp.com\/wfuca.mx\/wp-content\/uploads\/2022\/03\/12559-1-scaled.jpg?zoom=2&amp;resize=370%2C200 740w, https:\/\/i0.wp.com\/wfuca.mx\/wp-content\/uploads\/2022\/03\/12559-1-scaled.jpg?zoom=3&amp;resize=370%2C200 1110w\" sizes=\"auto, (max-width: 370px) 100vw, 370px\" \/><\/a>\r\n                        <figcaption class=\"overlay\">\r\n                            <div class=\"box\">\r\n                                <div class=\"content\">\r\n                                    <a href=\"https:\/\/wfuca.mx\/index.php\/2022\/03\/22\/felicitamos-al-equipo-ganador-de-usa\/\"><i class=\"fa fa-link\" aria-hidden=\"true\"><\/i><\/a>\r\n                                <\/div>\r\n                            <\/div>\r\n                        <\/figcaption>\r\n                    <\/figure>\r\n                    <div class=\"lower-content\">\r\n                        <div class=\"date\">22 <br>Mar<\/div>\r\n                        <h4><a href=\"https:\/\/wfuca.mx\/index.php\/2022\/03\/22\/felicitamos-al-equipo-ganador-de-usa\/\">Felicitamos al equipo ganador de USA<\/a><\/h4>\r\n                        <div class=\"post-meta\">by WFUCA  |  0 comment<\/div>\r\n                        <div class=\"text\">\r\n                            <p>22\/03\/2022 &#8211; Felicitamos al equipo ganador de USA, \u00a1HACIENDO HISTORIA! Por primera vez una secci\u00f3n internacional tendr\u00e1 lugar en la nueva sede de Estados Unidos de UNESCO WFUCA. A PRADEEP ...<\/p>               \r\n                        <\/div>\r\n                        <div class=\"link\">\r\n                            <a href=\"https:\/\/wfuca.mx\/index.php\/2022\/03\/22\/felicitamos-al-equipo-ganador-de-usa\/\" class=\"default_link\">Read More <i class=\"icon-left-arrow-angle2\"><\/i><\/a>\r\n                        <\/div>\r\n                        \r\n                    <\/div>\r\n                <\/div>\r\n                \r\n            <\/article>\r\n                        <article class=\"col-md-4 col-sm-6 col-xs-12\">\r\n                <div class=\"default-blog-news wow fadeInUp animated animated\" style=\"visibility: visible; animation-name: fadeInUp;\">\r\n                    <figure class=\"img-holder\">\r\n                        <a href=\"https:\/\/wfuca.mx\/index.php\/2022\/03\/02\/ix-world-congress-of-the-world-federation-of-unesco-clubs-centers-and-associations-wfuca\/\"><img loading=\"lazy\" decoding=\"async\" width=\"370\" height=\"200\" src=\"https:\/\/i0.wp.com\/wfuca.mx\/wp-content\/uploads\/2022\/03\/Skyline_of_Beijing_CBD_with_B-5906_approaching_20211016171955.jpg?resize=370%2C200&amp;ssl=1\" class=\"attachment-charity_370x200 size-charity_370x200 wp-post-image\" alt=\"\" srcset=\"https:\/\/i0.wp.com\/wfuca.mx\/wp-content\/uploads\/2022\/03\/Skyline_of_Beijing_CBD_with_B-5906_approaching_20211016171955.jpg?resize=370%2C200&amp;ssl=1 370w, https:\/\/i0.wp.com\/wfuca.mx\/wp-content\/uploads\/2022\/03\/Skyline_of_Beijing_CBD_with_B-5906_approaching_20211016171955.jpg?zoom=2&amp;resize=370%2C200 740w, https:\/\/i0.wp.com\/wfuca.mx\/wp-content\/uploads\/2022\/03\/Skyline_of_Beijing_CBD_with_B-5906_approaching_20211016171955.jpg?zoom=3&amp;resize=370%2C200 1110w\" sizes=\"auto, (max-width: 370px) 100vw, 370px\" \/><\/a>\r\n                        <figcaption class=\"overlay\">\r\n                            <div class=\"box\">\r\n                                <div class=\"content\">\r\n                                    <a href=\"https:\/\/wfuca.mx\/index.php\/2022\/03\/02\/ix-world-congress-of-the-world-federation-of-unesco-clubs-centers-and-associations-wfuca\/\"><i class=\"fa fa-link\" aria-hidden=\"true\"><\/i><\/a>\r\n                                <\/div>\r\n                            <\/div>\r\n                        <\/figcaption>\r\n                    <\/figure>\r\n                    <div class=\"lower-content\">\r\n                        <div class=\"date\">02 <br>Mar<\/div>\r\n                        <h4><a href=\"https:\/\/wfuca.mx\/index.php\/2022\/03\/02\/ix-world-congress-of-the-world-federation-of-unesco-clubs-centers-and-associations-wfuca\/\">IX World Congress of the World Federation of UNESCO Clubs, Centers and Associations (WFUCA)<\/a><\/h4>\r\n                        <div class=\"post-meta\">by WFUCA  |  0 comment<\/div>\r\n                        <div class=\"text\">\r\n                            <p>According to the decision made in the 34th Ordinary Session of the Executive Board Meeting of WFUCA in March 2014 in New York, the 9th World Congress of WFUCA was ...<\/p>               \r\n                        <\/div>\r\n                        <div class=\"link\">\r\n                            <a href=\"https:\/\/wfuca.mx\/index.php\/2022\/03\/02\/ix-world-congress-of-the-world-federation-of-unesco-clubs-centers-and-associations-wfuca\/\" class=\"default_link\">Read More <i class=\"icon-left-arrow-angle2\"><\/i><\/a>\r\n                        <\/div>\r\n                        \r\n                    <\/div>\r\n                <\/div>\r\n                \r\n            <\/article>\r\n                    <\/div>\r\n    <\/div>\r\n<\/section>\r\n\r\n<\/div><\/div><\/div><\/div><\/section><section class=\"kc-elm kc-css-630969 kc_row\"><div class=\"kc-row-container\"><div class=\"kc-wrap-columns\"><div class=\"kc-elm kc-css-90561 kc_col-sm-12 kc_column kc_col-sm-12\"><div class=\"kc-col-container\"><section class=\"call-out\">\r\n    <div class=\"container\">\r\n        <div class=\"float_left\">\r\n            <h4>ALERTA DE FRAUDE<\/h4>\r\n        <\/div>\r\n        <div class=\"float_right\">\r\n            <a href=\"https:\/\/legalunescowfuca.org\/alerta-de-fraude.php\" class=\"thm-btn style-3\">MAS INFORMACI\u00d3N<\/a>\r\n        <\/div>\r\n    <\/div>\r\n<\/section>\r\n<\/div><\/div><\/div><\/div><\/section><section class=\"kc-elm kc-css-493274 kc_row\"><div class=\"kc-row-container\"><div class=\"kc-wrap-columns\"><div class=\"kc-elm kc-css-19430 kc_col-sm-12 kc_column kc_col-sm-12\"><div class=\"kc-col-container\"><!--Fact Counter-->\r\n<section class=\"fact-counter style-1 sec-padd\" style=\"background-image: url('https:\/\/wfuca.mx\/wp-content\/uploads\/2022\/02\/global-connections-scaled.jpg');\">\r\n    <div class=\"container\">\r\n        <div class=\"title center\">\r\n            <h1>Bienvenidos a UNESCO-WFUCA<\/h1>\r\n            <p><p>Apoyamos el trabajo del Comit\u00e9 sobre ONG de las Naciones Unidas para el Desarrollo Econ\u00f3mico y Social, el organismo intergubernamental responsable de otorgar el estatus consultivo a las organizaciones no gubernamentales (ONG). En estado de consulta activa, la participaci\u00f3n en reuniones y eventos en las Naciones Unidas, acreditaciones y otros asuntos actualmente est\u00e1 disponible en ingl\u00e9s, espa\u00f1ol.<\/p>\r\n\r\n<p>Para obtener noticias actualizadas e informaci\u00f3n sobre los resultados de las reuniones clave y la participaci\u00f3n en actividades y pr\u00f3ximos eventos en las Naciones Unidas, entre otros.<\/p><\/p>\r\n        <\/div>\r\n        <div class=\"row clearfix\">\r\n            <div class=\"col-md-6 col-sm-10 col-md-offset-3 col-sm-offset-1 col-xs-12\">\r\n                <div class=\"counter-outer row clearfix\">\r\n                                    <\/div>\r\n            <\/div>\r\n        <\/div>\r\n        <div class=\"link center\">\r\n            <a href=\"https:\/\/wfuca.mx\/index.php\/sobre-nosotros\/\" class=\"thm-btn style-3\">M\u00e1s informaci\u00f3n<\/a>\r\n        <\/div>\r\n    <\/div>\r\n<\/section><\/div><\/div><\/div><\/div><\/section><section class=\"kc-elm kc-css-352555 kc_row\"><div class=\"kc-row-container  kc-container\"><div class=\"kc-wrap-columns\"><div class=\"kc-elm kc-css-165962 kc_col-sm-12 kc_column kc_col-sm-12\"><div class=\"kc-col-container\">\r\n<section class=\"about sec-padd2 \">\r\n    <div class=\"container\">\r\n        \r\n        <div class=\"section-title center\">\r\n            <h2>Asamblea general<\/h2>\r\n        <\/div>\r\n        \r\n        <div class=\"row\">\r\n            <div class=\"col-md-6 col-sm-12\">\r\n                <figure class=\"img-box\">\r\n                    <img data-recalc-dims=\"1\" decoding=\"async\" src=\"https:\/\/i0.wp.com\/wfuca.mx\/wp-content\/uploads\/2022\/03\/bg3.jpg?ssl=1\" alt=\"Image\">\r\n                <\/figure>\r\n            <\/div>\r\n            <div class=\"col-md-6 col-sm-6 col-xs-12\">\r\n                <div class=\"content\">\r\n                    <h2>Miembros de nuestra organizaci\u00f3n<\/h2>\r\n                    <div class=\"text\">\r\n                        <p>A todas las autoridades civiles y militares del pa\u00eds donde se encuentre el portador de la presente credencial, pedimos el apoyo y derecho de consideraci\u00f3n internacional en base a la Convenci\u00f3n de Viena sobre Relaciones Diplom\u00e1ticas, 18 de abril de 1961, que entr\u00f3 en vigor el 24 de abril de 1964 hasta nuestros d\u00edas, donde hace referencia al art\u00edculo 41, de acuerdo con el convenio de Viena ONU, aplicado a organismos internacionales y las relaciones diplom\u00e1ticas y consulares exclusivas del Vaticano, privilegios e inmunidad. Esta credencial oficial protege ante cualquier autoridad civil, militar o gubernamental del pa\u00eds donde transite.<\/p>\r\n                    <\/div>\r\n                    <h4><\/h4>\r\n                    <div class=\"text\">\r\n                        <p>Todo el personal con credenciales en este sitio web no tiene salario, compensaci\u00f3n econ\u00f3mica o ha sido contratado. Su participaci\u00f3n es 100% altruista para colaborar en la mejora de las condiciones de los seres humanos, de acuerdo con los principios del voluntariado internacional de la Organizaci\u00f3n de las Naciones Unidas.<\/p>\r\n                    <\/div>\r\n                    <div class=\"link\"><a href=\"https:\/\/wfuca.mx\/index.php\/asamblea-general\/\" class=\"thm-btn style-2\">M\u00e1s informaci\u00f3n<\/a><\/div>\r\n                <\/div>\r\n            <\/div>\r\n        <\/div>\r\n        \r\n    <\/div>\r\n<\/section><\/div><\/div><\/div><\/div><\/section><section class=\"kc-elm kc-css-717299 kc_row\"><div class=\"kc-row-container\"><div class=\"kc-wrap-columns\"><div class=\"kc-elm kc-css-364596 kc_col-sm-12 kc_column kc_col-sm-12\"><div class=\"kc-col-container\"><section class=\"call-out\">\r\n    <div class=\"container\">\r\n        <div class=\"float_left\">\r\n            <h4>Registro de los signos, nombres y logos de UNESCO-WFUCA<\/h4>\r\n        <\/div>\r\n        <div class=\"float_right\">\r\n            <a href=\"https:\/\/wfuca.mx\/index.php\/bases-legales\/\" class=\"thm-btn style-3\">BASES LEGALES<\/a>\r\n        <\/div>\r\n    <\/div>\r\n<\/section>\r\n<\/div><\/div><\/div><\/div><\/section><\/p>\n","protected":false},"excerpt":{"rendered":"","protected":false},"author":1,"featured_media":0,"parent":0,"menu_order":0,"comment_status":"closed","ping_status":"closed","template":"tpl-king_composer.php","meta":{"footnotes":""},"class_list":["post-682","page","type-page","status-publish","hentry"],"jetpack_sharing_enabled":true,"_links":{"self":[{"href":"https:\/\/wfuca.mx\/index.php\/wp-json\/wp\/v2\/pages\/682","targetHints":{"allow":["GET"]}}],"collection":[{"href":"https:\/\/wfuca.mx\/index.php\/wp-json\/wp\/v2\/pages"}],"about":[{"href":"https:\/\/wfuca.mx\/index.php\/wp-json\/wp\/v2\/types\/page"}],"author":[{"embeddable":true,"href":"https:\/\/wfuca.mx\/index.php\/wp-json\/wp\/v2\/users\/1"}],"replies":[{"embeddable":true,"href":"https:\/\/wfuca.mx\/index.php\/wp-json\/wp\/v2\/comments?post=682"}],"version-history":[{"count":59,"href":"https:\/\/wfuca.mx\/index.php\/wp-json\/wp\/v2\/pages\/682\/revisions"}],"predecessor-version":[{"id":966,"href":"https:\/\/wfuca.mx\/index.php\/wp-json\/wp\/v2\/pages\/682\/revisions\/966"}],"wp:attachment":[{"href":"https:\/\/wfuca.mx\/index.php\/wp-json\/wp\/v2\/media?parent=682"}],"curies":[{"name":"wp","href":"https:\/\/api.w.org\/{rel}","templated":true}]}}