{"id":821,"date":"2022-03-02T00:58:27","date_gmt":"2022-03-02T00:58:27","guid":{"rendered":"https:\/\/wfuca.mx\/?page_id=821"},"modified":"2022-03-04T06:19:35","modified_gmt":"2022-03-04T06:19:35","slug":"sobre-nosotros","status":"publish","type":"page","link":"https:\/\/wfuca.mx\/index.php\/sobre-nosotros\/","title":{"rendered":"Sobre nosotros"},"content":{"rendered":"<section class=\"kc-elm kc-css-916207 kc_row\"><div class=\"kc-row-container  kc-container\"><div class=\"kc-wrap-columns\"><div class=\"kc-elm kc-css-182944 kc_col-sm-12 kc_column kc_col-sm-12\"><div class=\"kc-col-container\"><div class=\"kc-elm kc-css-246564\" style=\"height: 40px; clear: both; width:100%;\"><\/div>\n<div class=\"kc-elm kc-css-83842 kc-title-wrap \">\n\n\t<h1 class=\"kc_title\">Federaci\u00f3n de Clubes, Centros y Asociaciones para la UNESCO-WFUCA<\/h1>\n<\/div>\n<div class=\"kc-elm kc-css-501390\" style=\"height: 40px; clear: both; width:100%;\"><\/div><div class=\"kc-elm kc-css-486723 kc_text_block\"><\/p>\n<p>\nDesde que se fund\u00f3 el primer Club de la UNESCO en Jap\u00f3n, en 1947, los Clubes, Centros y Asociaciones para la UNESCO han sido socios muy valiosos para la Organizaci\u00f3n.<\/p>\n<p>Los miembros del movimiento de clubes, que son todos voluntarios, incluyen personas de todas las edades y nacionalidades de todos los \u00e1mbitos de la vida. Comparten un compromiso con los ideales de la UNESCO y trabajan para traducirlos a la realidad en el terreno. Por lo tanto, los miembros est\u00e1n bien situados para presentar los puntos de vista de la sociedad civil a los responsables de la toma de decisiones. En el medio siglo que ha existido el movimiento de Clubes de la UNESCO, el mundo ha sido testigo de una amplia gama de eventos relacionados con cada uno de los campos de competencia de la UNESCO.<\/p>\n<p>En 2010, el movimiento incluy\u00f3 unas 3.800 asociaciones, centros y clubes para la UNESCO en m\u00e1s de 80 pa\u00edses de todo el mundo.<\/p>\n<p>A nivel internacional, la Federaci\u00f3n Mundial de Clubes, Centros y Asociaciones de la UNESCO (WFUCA) es responsable de informar, coordinar y movilizar a sus miembros, con el apoyo y la cooperaci\u00f3n de la UNESCO.<\/p>\n<p>A la luz del creciente papel de la sociedad civil en la formulaci\u00f3n de pol\u00edticas p\u00fablicas, el movimiento de clubes puede desempe\u00f1ar un papel clave en la educaci\u00f3n de los ciudadanos y puede contribuir al di\u00e1logo entre culturas y generaciones para el desarrollo sostenible.<\/p>\n<p>&#8211; Apoyo a las ONG y asociaciones registradas en la UNESCO-WFUCA: Informamos oportunamente sobre eventos y oportunidades para colaborar con las Naciones Unidas.<br \/>&#8211; Apoyo intergubernamental: Brindamos servicios al Comit\u00e9 de ONG, que se re\u00fane dos veces al a\u00f1o para analizar la acreditaci\u00f3n de las ONG ante el Consejo Econ\u00f3mico y Social de las Naciones Unidas a trav\u00e9s del Banco Mundial.<br \/>&#8211; Asambleas de registro: a trav\u00e9s de las OSC, facilitamos la participaci\u00f3n de las ONG en la mayor\u00eda de los procesos intergubernamentales que tienen lugar en la sede de las Naciones Unidas y m\u00e1s all\u00e1. Cada a\u00f1o, aproximadamente 7,000 representantes de ONG participan en estos eventos solo en Nueva York.<br \/>&#8211; Asistencia t\u00e9cnica: Con el apoyo de la Cuenta de las Naciones Unidas para el Desarrollo, llevamos a cabo actividades limitadas de creaci\u00f3n de capacidad con organizaciones de la sociedad civil.<\/p>\n<p>\n<\/div><div class=\"kc-elm kc-css-783114\" style=\"height: 40px; clear: both; width:100%;\"><\/div>\n<div class=\"kc-elm kc-css-691967 kc-title-wrap \">\n\n\t<h1 class=\"kc_title\">Objetivos<\/h1>\n<\/div>\n<div class=\"kc-elm kc-css-773527\" style=\"height: 40px; clear: both; width:100%;\"><\/div><div class=\"kc-elm kc-css-317323 kc_text_block\"><\/p>\n<p>Los objetivos de UNESCO-WFUCA son promover los ideales, objetivos y programas de la UNESCO y, con ese fin, fortalecer y alentar el desarrollo de los clubes, centros y asociaciones de la UNESCO; promover el entendimiento internacional y la educaci\u00f3n, particularmente con vistas al ejercicio efectivo de los derechos humanos, el desarrollo end\u00f3geno de cada pueblo y la construcci\u00f3n de un nuevo orden econ\u00f3mico y social mundial, y perseguir estos objetivos tambi\u00e9n en naciones y pueblos, particularmente en orden para avanzar en el entendimiento mutuo entre las diferentes culturas del mundo; involucrar a las personas en el trabajo de la UNESCO, particularmente a nivel de base; promover la utilizaci\u00f3n de la ciencia y la tecnolog\u00eda con fines pac\u00edficos, para el bienestar de la humanidad y, en particular, de los pa\u00edses en desarrollo; Promover en todas las sociedades el derecho de cada persona y de cada persona a una identidad cultural.<\/p>\n<p>\n<\/div><div class=\"kc-elm kc-css-628794\" style=\"height: 40px; clear: both; width:100%;\"><\/div>\n\t<div class=\"kc-elm kc-css-655942 kc_shortcode kc_video_play kc_video_wrapper\" data-video=\"https:\/\/www.youtube.com\/watch?v=2EUVGMdp6-0\" data-width=\"600\" data-height=\"338.98305084746\" data-fullwidth=\"\" data-autoplay=\"\" data-loop=\"yes\" data-control=\"yes\" data-related=\"\" data-showinfo=\"\" data-kc-video-mute=\"\">\n\t\t\t<\/div>\n\n<div class=\"kc-elm kc-css-548717\" style=\"height: 40px; clear: both; width:100%;\"><\/div>\n<div class=\"kc-elm kc-css-393516 kc-title-wrap \">\n\n\t<h1 class=\"kc_title\">Misi\u00f3n<\/h1>\n<\/div>\n<div class=\"kc-elm kc-css-465447\" style=\"height: 40px; clear: both; width:100%;\"><\/div><div class=\"kc-elm kc-css-223266 kc_text_block\"><\/p>\n<p>La misi\u00f3n de UNESCO-WFUCA es promover en Am\u00e9rica, Am\u00e9rica Latina, Centro y Caribe dentro de las cuatro categor\u00edas principales del Club WFUCA de la UNESCO.<\/p>\n<p>Club establecido en las escuelas (cuyos miembros son los estudiantes y el personal docente de las instituciones de ense\u00f1anza).<\/p>\n<p>Club para correr en universidades e instituciones de educaci\u00f3n superior.<\/p>\n<p>Los clubes no est\u00e1n destinados exclusivamente a escolares o estudiantes universitarios que tienen un estatus legal reconocido entre sus miembros que tienen personalidades destacadas de los c\u00edrculos culturales o del sector p\u00fablico de la comunidad.<\/p>\n<p>Club integrado por miembros de la sociedad civil que tienen un estatus legal que designa su esp\u00edritu de educaci\u00f3n que re\u00fane a diferentes personalidades de las empresas y l\u00edderes.<\/p>\n<p>\n<\/div><div class=\"kc-elm kc-css-875734\" style=\"height: 40px; clear: both; width:100%;\"><\/div>\n<div class=\"kc-elm kc-css-702591 kc-title-wrap \">\n\n\t<h1 class=\"kc_title\">Nuestra visi\u00f3n<\/h1>\n<\/div>\n<div class=\"kc-elm kc-css-73629\" style=\"height: 40px; clear: both; width:100%;\"><\/div><div class=\"kc-elm kc-css-435753 kc_text_block\"><\/p>\n<p align=\"justify\">Los Clubes WFUCA de Am\u00e9rica, Am\u00e9rica Latina, Am\u00e9rica Central y el Caribe de la UNESCO act\u00faan sobre los problemas globales con repercusiones locales que, por lo tanto, contribuyen al proceso de reflexi\u00f3n de las prioridades sociales. Este movimiento confirma el papel cada vez m\u00e1s importante que desempe\u00f1a la sociedad civil en todo el mundo y la influencia que los ciudadanos pueden ejercer en la toma de decisiones socioecon\u00f3micas. La UNESCO-WFUCA tiene tres funciones principales: capacitaci\u00f3n, informaci\u00f3n y acci\u00f3n.<\/p>\n<p align=\"justify\">Dada la evidencia del papel cada vez m\u00e1s importante de la sociedad civil en la elaboraci\u00f3n de pol\u00edticas p\u00fablicas, el movimiento del Club UNESCO-WFUCA es un factor clave en la educaci\u00f3n de los ciudadanos. Adem\u00e1s, puede contribuir al di\u00e1logo entre culturas y generaciones en t\u00e9rminos de desarrollo sostenible.<\/p>\n<p>\n<\/div><div class=\"kc-elm kc-css-666853\" style=\"height: 40px; clear: both; width:100%;\"><\/div>\n<div class=\"kc-elm kc-css-326855 kc-title-wrap \">\n\n\t<h1 class=\"kc_title\">Desarrollo<\/h1>\n<\/div>\n<div class=\"kc-elm kc-css-755640\" style=\"height: 40px; clear: both; width:100%;\"><\/div><div class=\"kc-elm kc-css-206992 kc_text_block\"><\/p>\n<p align=\"justify\">Los Clubes WFUCA de Am\u00e9rica, Am\u00e9rica Latina, Am\u00e9rica Central y el Caribe de la UNESCO act\u00faan sobre los problemas globales con repercusiones locales que, por lo tanto, contribuyen al proceso de reflexi\u00f3n de las prioridades sociales. Este movimiento confirma el papel cada vez m\u00e1s importante que desempe\u00f1a la sociedad civil en todo el mundo y la influencia que los ciudadanos pueden ejercer en la toma de decisiones socioecon\u00f3micas. La UNESCO-WFUCA tiene tres funciones principales: capacitaci\u00f3n, informaci\u00f3n y acci\u00f3n.<\/p>\n<p align=\"justify\">Dada la evidencia del papel cada vez m\u00e1s importante de la sociedad civil en la elaboraci\u00f3n de pol\u00edticas p\u00fablicas, el movimiento del Club UNESCO-WFUCA es un factor clave en la educaci\u00f3n de los ciudadanos. Adem\u00e1s, puede contribuir al di\u00e1logo entre culturas y generaciones en t\u00e9rminos de desarrollo sostenible.<\/p>\n<p>\n<\/div><div class=\"kc-elm kc-css-924635\" style=\"height: 40px; clear: both; width:100%;\"><\/div>\n<div class=\"kc-elm kc-css-78724 kc-title-wrap \">\n\n\t<h1 class=\"kc_title\">Paz<\/h1>\n<\/div>\n<div class=\"kc-elm kc-css-967780\" style=\"height: 40px; clear: both; width:100%;\"><\/div><div class=\"kc-elm kc-css-477702 kc_text_block\"><\/p>\n<p align=\"justify\">La paz es un derecho de todos los seres vivos, as\u00ed como la libertad, es una obligaci\u00f3n de cada naci\u00f3n y organizaci\u00f3n responsable de propiciarla con acciones y programas y programas que hacen valer este derecho.<\/p>\n<p>\n<\/div><div class=\"kc-elm kc-css-609991\" style=\"height: 40px; clear: both; width:100%;\"><\/div>\n<div class=\"kc-elm kc-css-768569 kc-title-wrap \">\n\n\t<h1 class=\"kc_title\">Cultura<\/h1>\n<\/div>\n<div class=\"kc-elm kc-css-512715\" style=\"height: 40px; clear: both; width:100%;\"><\/div><div class=\"kc-elm kc-css-815663 kc_text_block\"><\/p>\n<p align=\"justify\">Por lo que generamos respetamos y fomentamos programas que difunden el patrimonio cultural de los grupos sociales.<\/p>\n<p>\n<\/div><div class=\"kc-elm kc-css-278410\" style=\"height: 125px; clear: both; width:100%;\"><\/div><\/div><\/div><\/div><\/div><\/section>\n","protected":false},"excerpt":{"rendered":"","protected":false},"author":1,"featured_media":0,"parent":0,"menu_order":0,"comment_status":"closed","ping_status":"closed","template":"tpl-king_composer.php","meta":{"footnotes":""},"class_list":["post-821","page","type-page","status-publish","hentry"],"jetpack_sharing_enabled":true,"_links":{"self":[{"href":"https:\/\/wfuca.mx\/index.php\/wp-json\/wp\/v2\/pages\/821","targetHints":{"allow":["GET"]}}],"collection":[{"href":"https:\/\/wfuca.mx\/index.php\/wp-json\/wp\/v2\/pages"}],"about":[{"href":"https:\/\/wfuca.mx\/index.php\/wp-json\/wp\/v2\/types\/page"}],"author":[{"embeddable":true,"href":"https:\/\/wfuca.mx\/index.php\/wp-json\/wp\/v2\/users\/1"}],"replies":[{"embeddable":true,"href":"https:\/\/wfuca.mx\/index.php\/wp-json\/wp\/v2\/comments?post=821"}],"version-history":[{"count":23,"href":"https:\/\/wfuca.mx\/index.php\/wp-json\/wp\/v2\/pages\/821\/revisions"}],"predecessor-version":[{"id":854,"href":"https:\/\/wfuca.mx\/index.php\/wp-json\/wp\/v2\/pages\/821\/revisions\/854"}],"wp:attachment":[{"href":"https:\/\/wfuca.mx\/index.php\/wp-json\/wp\/v2\/media?parent=821"}],"curies":[{"name":"wp","href":"https:\/\/api.w.org\/{rel}","templated":true}]}}