{"id":856,"date":"2022-03-04T06:20:31","date_gmt":"2022-03-04T06:20:31","guid":{"rendered":"https:\/\/wfuca.mx\/?page_id=856"},"modified":"2022-03-04T06:21:58","modified_gmt":"2022-03-04T06:21:58","slug":"enfoque","status":"publish","type":"page","link":"https:\/\/wfuca.mx\/index.php\/enfoque\/","title":{"rendered":"Enfoque"},"content":{"rendered":"<section class=\"kc-elm kc-css-793509 kc_row\"><div class=\"kc-row-container  kc-container\"><div class=\"kc-wrap-columns\"><div class=\"kc-elm kc-css-421475 kc_col-sm-12 kc_column kc_col-sm-12\"><div class=\"kc-col-container\"><div class=\"kc-elm kc-css-800763\" style=\"height: 40px; clear: both; width:100%;\"><\/div>\n<div class=\"kc-elm kc-css-187810 kc-title-wrap \">\n\n\t<h1 class=\"kc_title\">Enfoque<\/h1>\n<\/div>\n<div class=\"kc-elm kc-css-425554\" style=\"height: 40px; clear: both; width:100%;\"><\/div><div class=\"kc-elm kc-css-502647 kc_text_block\"><\/p>\n<p align=\"justify\">Los Clubes, Centros y Asociaciones de la UNESCO son grupos de voluntarios de diferentes edades y estatus socio-profesional que se convierten en militantes al servicio de los ideales de <strong><u>UNESCO-WFUCA<\/u><\/strong>.<\/p>\n<p align=\"justify\">Estos clubes adoptan una posici\u00f3n sobre problemas globales con repercusiones locales y, por lo tanto, contribuyen al proceso de reflexi\u00f3n sobre las prioridades sociales. Este movimiento atestigua el papel cada vez mayor de la sociedad civil en todo el mundo y la influencia que los ciudadanos pueden ejercer en los responsables de la toma de decisiones socioecon\u00f3micas. Los 3,800 Clubes, distribuidos en m\u00e1s de 100 pa\u00edses, tienen tres funciones principales: capacitaci\u00f3n, informaci\u00f3n y acci\u00f3n.<\/p>\n<p align=\"justify\">Si bien el nombre <strong><u>UNESCO-WFUCA<\/u><\/strong> aparece en los t\u00edtulos de los diferentes Clubes y sus federaciones, no significa que la Organizaci\u00f3n sea responsable de ninguna manera por sus actividades.<\/p>\n<p align=\"justify\">Los clubes deben poder desarrollar sus actividades a su manera: la UNESCO no se ha ocupado de participar en su creaci\u00f3n ni en su desarrollo. Los diferentes Clubes son financieramente y legalmente aut\u00f3nomos, por lo tanto responsables de su propia operaci\u00f3n, pero la UNESCO puede proporcionar asistencia intelectual, financiera y \/ o material para actividades espec\u00edficas que considera particularmente relevantes.<\/p>\n<p align=\"justify\">Adem\u00e1s, para asegurar el financiamiento externo, muchos Clubes recurren a las Comisiones Nacionales de la UNESCO, los departamentos ministeriales, las comunidades locales y ciertos organismos nacionales o de orientaci\u00f3n internacional, y tambi\u00e9n a las empresas, fundaciones y personas. La UNESCO ayuda a fortalecer el impacto de los Clubes al fomentar la cooperaci\u00f3n con los sectores programadores, las oficinas exteriores y las redes principales de la Organizaci\u00f3n, como la de las Escuelas Asociadas.<\/p>\n<p align=\"justify\">La Federaci\u00f3n Mundial de Clubes y Asociaciones de la UNESCO (WFUCA), gestiona los recursos econ\u00f3micos para proyectos sostenibles de las prioridades de la ONU, generando recursos propios a trav\u00e9s de deducciones en especie o econ\u00f3micas, siendo estos impuestos deducibles al 100%, as\u00ed como obteniendo y donando recursos a trav\u00e9s de eventos sociales, donaciones y apoyos sociales.<\/p>\n<p align=\"justify\"><strong>Pol\u00edticas de las comunidades. <a href=\"http:\/\/portal.unesco.org\/es\/ev.php-URL_ID=34306&#038;URL_DO=DO_TOPIC&#038;URL_SECTION=201.html\" target=\"_blank\" rel=\"noopener\">Ver m\u00e1s&#8230;<\/a><\/strong>.<\/p>\n<p>\n<\/div><div class=\"kc-elm kc-css-659970\" style=\"height: 125px; clear: both; width:100%;\"><\/div><\/div><\/div><\/div><\/div><\/section>\n","protected":false},"excerpt":{"rendered":"","protected":false},"author":1,"featured_media":0,"parent":0,"menu_order":0,"comment_status":"closed","ping_status":"closed","template":"tpl-king_composer.php","meta":{"footnotes":""},"class_list":["post-856","page","type-page","status-publish","hentry"],"jetpack_sharing_enabled":true,"_links":{"self":[{"href":"https:\/\/wfuca.mx\/index.php\/wp-json\/wp\/v2\/pages\/856","targetHints":{"allow":["GET"]}}],"collection":[{"href":"https:\/\/wfuca.mx\/index.php\/wp-json\/wp\/v2\/pages"}],"about":[{"href":"https:\/\/wfuca.mx\/index.php\/wp-json\/wp\/v2\/types\/page"}],"author":[{"embeddable":true,"href":"https:\/\/wfuca.mx\/index.php\/wp-json\/wp\/v2\/users\/1"}],"replies":[{"embeddable":true,"href":"https:\/\/wfuca.mx\/index.php\/wp-json\/wp\/v2\/comments?post=856"}],"version-history":[{"count":4,"href":"https:\/\/wfuca.mx\/index.php\/wp-json\/wp\/v2\/pages\/856\/revisions"}],"predecessor-version":[{"id":860,"href":"https:\/\/wfuca.mx\/index.php\/wp-json\/wp\/v2\/pages\/856\/revisions\/860"}],"wp:attachment":[{"href":"https:\/\/wfuca.mx\/index.php\/wp-json\/wp\/v2\/media?parent=856"}],"curies":[{"name":"wp","href":"https:\/\/api.w.org\/{rel}","templated":true}]}}