{"id":892,"date":"2022-03-04T06:49:00","date_gmt":"2022-03-04T06:49:00","guid":{"rendered":"https:\/\/wfuca.mx\/?page_id=892"},"modified":"2022-03-04T07:07:54","modified_gmt":"2022-03-04T07:07:54","slug":"asamblea-general","status":"publish","type":"page","link":"https:\/\/wfuca.mx\/index.php\/asamblea-general\/","title":{"rendered":"Asamblea general"},"content":{"rendered":"<section class=\"kc-elm kc-css-571368 kc_row\"><div class=\"kc-row-container  kc-container\"><div class=\"kc-wrap-columns\">\r\n<div class=\"kc-elm kc-css-16484 kc_col-sm-12 kc_column kc_col-sm-12\"><div class=\"kc-col-container\"><div class=\"kc-elm kc-css-293778\" style=\"height: 40px; clear: both; width:100%;\"><\/div>\n<div class=\"kc-elm kc-css-591282 kc-title-wrap \">\n\n\t<h1 class=\"kc_title\">Asamblea general<\/h1>\n<\/div>\n<div class=\"kc-elm kc-css-471851\" style=\"height: 40px; clear: both; width:100%;\"><\/div><div class=\"kc-elm kc-css-297616 kc_text_block\"><\/p>\n<p>A todas las autoridades civiles y militares del pa\u00eds donde se encuentre el portador de la presente credencial, pedimos el apoyo y derecho de consideraci\u00f3n internacional en base a la Convenci\u00f3n de Viena sobre Relaciones Diplom\u00e1ticas, 18 de abril de 1961, que entr\u00f3 en vigor el 24 de abril de 1964 hasta nuestros d\u00edas, donde hace referencia al art\u00edculo 41, de acuerdo con el convenio de Viena ONU, aplicado a organismos internacionales y las relaciones diplom\u00e1ticas y consulares exclusivas del Vaticano, privilegios e inmunidad. Esta credencial oficial protege ante cualquier autoridad civil, militar o gubernamental del pa\u00eds donde transite.<\/p>\n<p>Todo el personal con credenciales en este sitio web no tiene salario, compensaci\u00f3n econ\u00f3mica o ha sido contratado. Su participaci\u00f3n es 100% altruista para colaborar en la mejora de las condiciones de los seres humanos, de acuerdo con los principios del voluntariado internacional de la Organizaci\u00f3n de las Naciones Unidas.<\/p>\n<p style=\"text-align: center;\"><strong>ONU NEW YORK: DESA\/122170\/2012<\/strong><br \/><strong>UNESCO USA: 803978159<\/strong><br \/><strong>DOCUMENT USA: 1035235220002<\/strong><br \/><strong>RFC: UFA171026H60<\/strong><\/p>\n<p style=\"text-align: center;\">Si alguna credencial no est\u00e1 en esta lista, no corresponde a los miembros autorizados por UNESCO-WFUCA.<\/p>\n<p>\n<\/div><div class=\"kc-elm kc-css-412332\" style=\"height: 40px; clear: both; width:100%;\"><\/div>\t \r\n\r\n\r\n<section class=\"gallery sec-padd style-2\">\r\n    <div class=\"container\">\r\n        <div class=\"section-title\">\r\n            <h2><\/h2>\r\n        <\/div>\r\n        <ul class=\"post-filter list-inline\">\r\n            <li class=\"active\" data-filter=\".filter-item\"><span><i class=\"fa fa-th-large\"><\/i>View All<\/span><\/li>\r\n                        <li data-filter=\".asamblea-general\"><span>Asamblea General<\/span><\/li>\r\n                    <\/ul>\r\n\r\n        <div class=\"row filter-layout\">\r\n\t\t\t\r\n\t\t\t\t\t\t\r\n\t\t           <!--Default Portfolio Item-->\r\n           <article class=\"col-md-4 col-sm-6 col-xs-12 filter-item asamblea-general \">\r\n                <div class=\"item\">\r\n                    <img loading=\"lazy\" decoding=\"async\" width=\"370\" height=\"250\" src=\"https:\/\/i0.wp.com\/wfuca.mx\/wp-content\/uploads\/2022\/03\/HARRIET.jpg?resize=370%2C250&amp;ssl=1\" class=\"attachment-charity_370x250 size-charity_370x250 wp-post-image\" alt=\"\" \/>                    <div class=\"overlay\">\r\n                        <div class=\"top\">\r\n                            <div class=\"box\">\r\n                                <div class=\"content\">\r\n                                    <a data-group=\"1\" href=\"https:\/\/wfuca.mx\/wp-content\/uploads\/2022\/03\/HARRIET.jpg\" class=\"img-popup\"><i class=\"fa fa-search-plus\"><\/i><\/a>\r\n                                <\/div>\r\n                            <\/div>\r\n                        <\/div>\r\n                        <div class=\"bottom\"><a href=\"https:\/\/wfuca.mx\/index.php\/gallery\/harriet-turner-rivas\/\"><h4>Harriet Turner Rivas<\/h4><\/a><\/div>\r\n                    <\/div>\r\n                <\/div>\r\n            <\/article>\r\n            \r\n\t\t\t\t\r\n\t\t           <!--Default Portfolio Item-->\r\n           <article class=\"col-md-4 col-sm-6 col-xs-12 filter-item asamblea-general \">\r\n                <div class=\"item\">\r\n                    <img loading=\"lazy\" decoding=\"async\" width=\"370\" height=\"250\" src=\"https:\/\/i0.wp.com\/wfuca.mx\/wp-content\/uploads\/2022\/03\/KADIR.jpg?resize=370%2C250&amp;ssl=1\" class=\"attachment-charity_370x250 size-charity_370x250 wp-post-image\" alt=\"\" \/>                    <div class=\"overlay\">\r\n                        <div class=\"top\">\r\n                            <div class=\"box\">\r\n                                <div class=\"content\">\r\n                                    <a data-group=\"1\" href=\"https:\/\/wfuca.mx\/wp-content\/uploads\/2022\/03\/KADIR.jpg\" class=\"img-popup\"><i class=\"fa fa-search-plus\"><\/i><\/a>\r\n                                <\/div>\r\n                            <\/div>\r\n                        <\/div>\r\n                        <div class=\"bottom\"><a href=\"https:\/\/wfuca.mx\/index.php\/gallery\/kadir-rivera-ayala\/\"><h4>Kadir Rivera Ayala<\/h4><\/a><\/div>\r\n                    <\/div>\r\n                <\/div>\r\n            <\/article>\r\n            \r\n\t\t\t\t\r\n\t\t           <!--Default Portfolio Item-->\r\n           <article class=\"col-md-4 col-sm-6 col-xs-12 filter-item asamblea-general \">\r\n                <div class=\"item\">\r\n                    <img loading=\"lazy\" decoding=\"async\" width=\"370\" height=\"250\" src=\"https:\/\/i0.wp.com\/wfuca.mx\/wp-content\/uploads\/2022\/03\/FCOCONTRERAS.jpg?resize=370%2C250&amp;ssl=1\" class=\"attachment-charity_370x250 size-charity_370x250 wp-post-image\" alt=\"\" \/>                    <div class=\"overlay\">\r\n                        <div class=\"top\">\r\n                            <div class=\"box\">\r\n                                <div class=\"content\">\r\n                                    <a data-group=\"1\" href=\"https:\/\/wfuca.mx\/wp-content\/uploads\/2022\/03\/FCOCONTRERAS.jpg\" class=\"img-popup\"><i class=\"fa fa-search-plus\"><\/i><\/a>\r\n                                <\/div>\r\n                            <\/div>\r\n                        <\/div>\r\n                        <div class=\"bottom\"><a href=\"https:\/\/wfuca.mx\/index.php\/gallery\/francisco-contreras-lopez\/\"><h4>Francisco Contreras L\u00f3pez<\/h4><\/a><\/div>\r\n                    <\/div>\r\n                <\/div>\r\n            <\/article>\r\n            \r\n\t\t\t\t\r\n\t\t           <!--Default Portfolio Item-->\r\n           <article class=\"col-md-4 col-sm-6 col-xs-12 filter-item asamblea-general \">\r\n                <div class=\"item\">\r\n                    <img loading=\"lazy\" decoding=\"async\" width=\"370\" height=\"250\" src=\"https:\/\/i0.wp.com\/wfuca.mx\/wp-content\/uploads\/2022\/03\/ARTURO.jpg?resize=370%2C250&amp;ssl=1\" class=\"attachment-charity_370x250 size-charity_370x250 wp-post-image\" alt=\"\" \/>                    <div class=\"overlay\">\r\n                        <div class=\"top\">\r\n                            <div class=\"box\">\r\n                                <div class=\"content\">\r\n                                    <a data-group=\"1\" href=\"https:\/\/wfuca.mx\/wp-content\/uploads\/2022\/03\/ARTURO.jpg\" class=\"img-popup\"><i class=\"fa fa-search-plus\"><\/i><\/a>\r\n                                <\/div>\r\n                            <\/div>\r\n                        <\/div>\r\n                        <div class=\"bottom\"><a href=\"https:\/\/wfuca.mx\/index.php\/gallery\/arturo-eduardo-ortiz-cabrera\/\"><h4>Arturo Eduardo Ortiz Cabrera<\/h4><\/a><\/div>\r\n                    <\/div>\r\n                <\/div>\r\n            <\/article>\r\n            \r\n\t\t\t\t\r\n\t\t           <!--Default Portfolio Item-->\r\n           <article class=\"col-md-4 col-sm-6 col-xs-12 filter-item asamblea-general \">\r\n                <div class=\"item\">\r\n                    <img loading=\"lazy\" decoding=\"async\" width=\"370\" height=\"250\" src=\"https:\/\/i0.wp.com\/wfuca.mx\/wp-content\/uploads\/2022\/03\/FLORENCIO.jpg?resize=370%2C250&amp;ssl=1\" class=\"attachment-charity_370x250 size-charity_370x250 wp-post-image\" alt=\"\" \/>                    <div class=\"overlay\">\r\n                        <div class=\"top\">\r\n                            <div class=\"box\">\r\n                                <div class=\"content\">\r\n                                    <a data-group=\"1\" href=\"https:\/\/wfuca.mx\/wp-content\/uploads\/2022\/03\/FLORENCIO.jpg\" class=\"img-popup\"><i class=\"fa fa-search-plus\"><\/i><\/a>\r\n                                <\/div>\r\n                            <\/div>\r\n                        <\/div>\r\n                        <div class=\"bottom\"><a href=\"https:\/\/wfuca.mx\/index.php\/gallery\/florencio-jimenez-hernandez\/\"><h4>Florencio Jimenez Hern\u00e1ndez<\/h4><\/a><\/div>\r\n                    <\/div>\r\n                <\/div>\r\n            <\/article>\r\n            \r\n\t\t\t\t\r\n\t\t           <!--Default Portfolio Item-->\r\n           <article class=\"col-md-4 col-sm-6 col-xs-12 filter-item asamblea-general \">\r\n                <div class=\"item\">\r\n                    <img loading=\"lazy\" decoding=\"async\" width=\"370\" height=\"250\" src=\"https:\/\/i0.wp.com\/wfuca.mx\/wp-content\/uploads\/2022\/03\/SALAZAR.jpg?resize=370%2C250&amp;ssl=1\" class=\"attachment-charity_370x250 size-charity_370x250 wp-post-image\" alt=\"\" \/>                    <div class=\"overlay\">\r\n                        <div class=\"top\">\r\n                            <div class=\"box\">\r\n                                <div class=\"content\">\r\n                                    <a data-group=\"1\" href=\"https:\/\/wfuca.mx\/wp-content\/uploads\/2022\/03\/SALAZAR.jpg\" class=\"img-popup\"><i class=\"fa fa-search-plus\"><\/i><\/a>\r\n                                <\/div>\r\n                            <\/div>\r\n                        <\/div>\r\n                        <div class=\"bottom\"><a href=\"https:\/\/wfuca.mx\/index.php\/gallery\/maria-zareth-salazar-olmos\/\"><h4>Mar\u00eda Zareth Salazar Olmos<\/h4><\/a><\/div>\r\n                    <\/div>\r\n                <\/div>\r\n            <\/article>\r\n            \r\n\t\t\t\t\r\n\t\t           <!--Default Portfolio Item-->\r\n           <article class=\"col-md-4 col-sm-6 col-xs-12 filter-item asamblea-general \">\r\n                <div class=\"item\">\r\n                    <img loading=\"lazy\" decoding=\"async\" width=\"370\" height=\"250\" src=\"https:\/\/i0.wp.com\/wfuca.mx\/wp-content\/uploads\/2022\/03\/JANTONIO.jpg?resize=370%2C250&amp;ssl=1\" class=\"attachment-charity_370x250 size-charity_370x250 wp-post-image\" alt=\"\" \/>                    <div class=\"overlay\">\r\n                        <div class=\"top\">\r\n                            <div class=\"box\">\r\n                                <div class=\"content\">\r\n                                    <a data-group=\"1\" href=\"https:\/\/wfuca.mx\/wp-content\/uploads\/2022\/03\/JANTONIO.jpg\" class=\"img-popup\"><i class=\"fa fa-search-plus\"><\/i><\/a>\r\n                                <\/div>\r\n                            <\/div>\r\n                        <\/div>\r\n                        <div class=\"bottom\"><a href=\"https:\/\/wfuca.mx\/index.php\/gallery\/j-antonio-machado-leon\/\"><h4>J. Antonio Machado Le\u00f3n<\/h4><\/a><\/div>\r\n                    <\/div>\r\n                <\/div>\r\n            <\/article>\r\n            \r\n\t\t\t\t\r\n\t\t           <!--Default Portfolio Item-->\r\n           <article class=\"col-md-4 col-sm-6 col-xs-12 filter-item asamblea-general \">\r\n                <div class=\"item\">\r\n                    <img loading=\"lazy\" decoding=\"async\" width=\"370\" height=\"250\" src=\"https:\/\/i0.wp.com\/wfuca.mx\/wp-content\/uploads\/2022\/03\/JOSEOCTAVIO.jpg?resize=370%2C250&amp;ssl=1\" class=\"attachment-charity_370x250 size-charity_370x250 wp-post-image\" alt=\"\" \/>                    <div class=\"overlay\">\r\n                        <div class=\"top\">\r\n                            <div class=\"box\">\r\n                                <div class=\"content\">\r\n                                    <a data-group=\"1\" href=\"https:\/\/wfuca.mx\/wp-content\/uploads\/2022\/03\/JOSEOCTAVIO.jpg\" class=\"img-popup\"><i class=\"fa fa-search-plus\"><\/i><\/a>\r\n                                <\/div>\r\n                            <\/div>\r\n                        <\/div>\r\n                        <div class=\"bottom\"><a href=\"https:\/\/wfuca.mx\/index.php\/gallery\/jose-octavio-aceves-partida\/\"><h4>Jose Octavio Aceves Partida<\/h4><\/a><\/div>\r\n                    <\/div>\r\n                <\/div>\r\n            <\/article>\r\n            \r\n\t\t\t\t\r\n\t\t           <!--Default Portfolio Item-->\r\n           <article class=\"col-md-4 col-sm-6 col-xs-12 filter-item asamblea-general \">\r\n                <div class=\"item\">\r\n                    <img loading=\"lazy\" decoding=\"async\" width=\"370\" height=\"250\" src=\"https:\/\/i0.wp.com\/wfuca.mx\/wp-content\/uploads\/2023\/10\/PRADEEP-MX.jpg?resize=370%2C250&amp;ssl=1\" class=\"attachment-charity_370x250 size-charity_370x250 wp-post-image\" alt=\"\" \/>                    <div class=\"overlay\">\r\n                        <div class=\"top\">\r\n                            <div class=\"box\">\r\n                                <div class=\"content\">\r\n                                    <a data-group=\"1\" href=\"https:\/\/wfuca.mx\/wp-content\/uploads\/2023\/10\/PRADEEP-MX.jpg\" class=\"img-popup\"><i class=\"fa fa-search-plus\"><\/i><\/a>\r\n                                <\/div>\r\n                            <\/div>\r\n                        <\/div>\r\n                        <div class=\"bottom\"><a href=\"https:\/\/wfuca.mx\/index.php\/gallery\/pradeep-kapahle\/\"><h4>Pradeep Kapahle<\/h4><\/a><\/div>\r\n                    <\/div>\r\n                <\/div>\r\n            <\/article>\r\n            \r\n\t\t\t\t\r\n\t\t           <!--Default Portfolio Item-->\r\n           <article class=\"col-md-4 col-sm-6 col-xs-12 filter-item asamblea-general \">\r\n                <div class=\"item\">\r\n                    <img loading=\"lazy\" decoding=\"async\" width=\"370\" height=\"250\" src=\"https:\/\/i0.wp.com\/wfuca.mx\/wp-content\/uploads\/2023\/10\/GEORGE-MX.jpg?resize=370%2C250&amp;ssl=1\" class=\"attachment-charity_370x250 size-charity_370x250 wp-post-image\" alt=\"\" \/>                    <div class=\"overlay\">\r\n                        <div class=\"top\">\r\n                            <div class=\"box\">\r\n                                <div class=\"content\">\r\n                                    <a data-group=\"1\" href=\"https:\/\/wfuca.mx\/wp-content\/uploads\/2023\/10\/GEORGE-MX.jpg\" class=\"img-popup\"><i class=\"fa fa-search-plus\"><\/i><\/a>\r\n                                <\/div>\r\n                            <\/div>\r\n                        <\/div>\r\n                        <div class=\"bottom\"><a href=\"https:\/\/wfuca.mx\/index.php\/gallery\/mr-george-on-christophides\/\"><h4>Mr. George on Christophides<\/h4><\/a><\/div>\r\n                    <\/div>\r\n                <\/div>\r\n            <\/article>\r\n            \r\n  \r\n        <\/div>\r\n        <div class=\"page_pagination center\">\r\n                    <\/div>\r\n    <\/div>\r\n<\/section><div class=\"kc-elm kc-css-843590\" style=\"height: 125px; clear: both; width:100%;\"><\/div><\/div><\/div><\/div><\/div><\/section>\n","protected":false},"excerpt":{"rendered":"","protected":false},"author":1,"featured_media":0,"parent":0,"menu_order":0,"comment_status":"closed","ping_status":"closed","template":"tpl-king_composer.php","meta":{"footnotes":""},"class_list":["post-892","page","type-page","status-publish","hentry"],"jetpack_sharing_enabled":true,"_links":{"self":[{"href":"https:\/\/wfuca.mx\/index.php\/wp-json\/wp\/v2\/pages\/892","targetHints":{"allow":["GET"]}}],"collection":[{"href":"https:\/\/wfuca.mx\/index.php\/wp-json\/wp\/v2\/pages"}],"about":[{"href":"https:\/\/wfuca.mx\/index.php\/wp-json\/wp\/v2\/types\/page"}],"author":[{"embeddable":true,"href":"https:\/\/wfuca.mx\/index.php\/wp-json\/wp\/v2\/users\/1"}],"replies":[{"embeddable":true,"href":"https:\/\/wfuca.mx\/index.php\/wp-json\/wp\/v2\/comments?post=892"}],"version-history":[{"count":7,"href":"https:\/\/wfuca.mx\/index.php\/wp-json\/wp\/v2\/pages\/892\/revisions"}],"predecessor-version":[{"id":901,"href":"https:\/\/wfuca.mx\/index.php\/wp-json\/wp\/v2\/pages\/892\/revisions\/901"}],"wp:attachment":[{"href":"https:\/\/wfuca.mx\/index.php\/wp-json\/wp\/v2\/media?parent=892"}],"curies":[{"name":"wp","href":"https:\/\/api.w.org\/{rel}","templated":true}]}}